{"id":32,"date":"2019-09-27T18:26:12","date_gmt":"2019-09-27T18:26:12","guid":{"rendered":"http:\/\/chishango.de\/?page_id=32"},"modified":"2019-09-27T18:44:30","modified_gmt":"2019-09-27T18:44:30","slug":"datenschutz","status":"publish","type":"page","link":"http:\/\/chishango.de\/?page_id=32","title":{"rendered":"Datenschutz"},"content":{"rendered":"\n<p><strong>Vorwort<\/strong><\/p>\n\n\n\n<p>Wir nehmen den Schutz Ihrer pers\u00f6nlichen Daten sehr ernst und halten uns strikt an die Vorschriften der Datenschutzgesetze, insbesondere des Bundesdatenschutz- und Telemediengesetzes.&nbsp;<br><br>Unsere Website kann grunds\u00e4tzlich v\u00f6llig ohne Eingabe irgendwelcher personenbezogener Daten genutzt werden. Es werden jedoch bei jedem Zugriff eines Nutzers auf eine Seite unseres Angebots folgende \u2013 nicht personenbezogene &#8211; Daten zu statistischen Zwecken gespeichert: Name der abgerufenen Dateien, Datum und Uhrzeit des Abrufs, \u00fcbertragene Datenmenge, Meldung, ob der Abruf erfolgreich war, Webbrowser, Betriebssystem, IP-Adresse. Letztere wird bei der Speicherung anonymisiert. Zu diesem Zweck verwendet unsere Seite auch sog. Cookies. Cookies sind Datens\u00e4tze, die von unserem Server an Ihren Browser gesandt und von diesem auf Ihrem Computer gespeichert werden. Sie k\u00f6nnen selbst bestimmen, ob Cookies gespeichert werden sollen. Wenn Sie dies nicht w\u00fcnschen, k\u00f6nnen Sie dies jederzeit in den Einstellungen Ihres Browsers deaktivieren.<\/p>\n\n\n\n<p><strong>Daten\u00fcbermittlung an Dritte<\/strong><\/p>\n\n\n\n<p>Ihre Daten werden nur an solche Personen weitergegeben, denen wir uns bei der Erf\u00fcllung unserer vertraglichen Verpflichtungen notwendigerweise bedienen m\u00fcssen. Wann wir welche Daten weitergeben m\u00fcssen, k\u00f6nnen Sie oben bei den jeweiligen Nutzungszwecken nachlesen. Keinesfalls werden Daten an unbeteiligte Dritte weitergegeben oder verkauft. Die Erf\u00fcllung gesetzlicher Verpflichtungen bleibt unber\u00fchrt.<\/p>\n\n\n\n<p><strong>Auskunft und L\u00f6schung<\/strong><\/p>\n\n\n\n<p>Sie haben das Recht, jederzeit und kostenfrei Auskunft, Berichtigung oder L\u00f6schung Ihrer personenbezogenen Daten zu verlangen sowie den Widerruf etwaiger Genehmigungen zu erkl\u00e4ren. Ihre Anfrage richten Sie bitte an die nachfolgend genannte Stelle.<\/p>\n\n\n\n<p><strong>Datenschutzbeauftragter<\/strong><\/p>\n\n\n\n<p>Andr\u00e9 John<br>09599 Freiberg<br>info@chishango.de<\/p>\n\n\n\n<p><strong>Versto\u00df melden<\/strong><\/p>\n\n\n\n<p>Im Falle datenschutzrechtlicher Verst\u00f6\u00dfe steht dem Betroffenen ein Beschwerderecht bei der zust\u00e4ndigen Aufsichtsbeh\u00f6rde zu. Ansprechpartner f\u00fcr datenschutzrechtliche Fragen ist der Landesbeauftragte f\u00fcr den Datenschutz in Sachsen.<br><br><strong>Webseite:&nbsp;<\/strong> <a rel=\"noreferrer noopener\" target=\"_blank\" href=\"https:\/\/www.saechsdsb.de\/\"><strong>https:\/\/www.saechsdsb.de<\/strong><\/a><br><br><strong>Postanschrift:&nbsp;<\/strong><br>S\u00e4chsischer Datenschutzbeauftragter<br>Postfach 12 00 16&nbsp;&nbsp;<br>01067 Dresden&nbsp;<br><br><strong>Server Logfiles<\/strong><\/p>\n\n\n\n<p>Bei den Server Logfiles handelt es sich um anonymisierte Daten, die bei Ihrem Zugriff auf unsere Webseite erfasst werden. Diese Informationen erm\u00f6glichen keine R\u00fcckschl\u00fcsse auf Sie pers\u00f6nlich, sind aber aus technischen Gr\u00fcnden f\u00fcr die Auslieferung und Darstellung unserer Inhalte unverzichtbar. Weiterhin dienen Sie unserer Statistik und der st\u00e4ndigen Optimierung unserer Inhalte. Typische Logfiles sind das Datum und die Zeit des Zugriffs, die Datenmenge, der f\u00fcr den Zugriff benutzte Browser und seine Version, das eingesetzte Betriebssystem, der Domainname des von Ihnen beauftragten Providers, die Seite, von der Sie zu unserem Angebot gekommen sind (Referrer-URL) und Ihre IP-Adresse. Logfiles erm\u00f6glichen au\u00dferdem eine genaue Pr\u00fcfung bei Verdacht auf eine rechtswidrige Nutzung unserer Webseite.<br><\/p>\n","protected":false},"excerpt":{"rendered":"<p>Vorwort Wir nehmen den Schutz Ihrer pers\u00f6nlichen Daten sehr ernst und halten uns strikt an die Vorschriften der Datenschutzgesetze, insbesondere des Bundesdatenschutz- und Telemediengesetzes.&nbsp; Unsere Website kann grunds\u00e4tzlich v\u00f6llig ohne Eingabe irgendwelcher personenbezogener Daten genutzt werden. Es werden jedoch bei jedem Zugriff eines Nutzers auf eine Seite unseres Angebots folgende \u2013 nicht personenbezogene &#8211; Daten &hellip; <\/p>\n<p class=\"link-more\"><a href=\"http:\/\/chishango.de\/?page_id=32\" class=\"more-link\"><span class=\"screen-reader-text\">\u201eDatenschutz\u201c<\/span> weiterlesen<\/a><\/p>\n","protected":false},"author":1,"featured_media":0,"parent":0,"menu_order":0,"comment_status":"closed","ping_status":"closed","template":"","meta":[],"_links":{"self":[{"href":"http:\/\/chishango.de\/index.php?rest_route=\/wp\/v2\/pages\/32"}],"collection":[{"href":"http:\/\/chishango.de\/index.php?rest_route=\/wp\/v2\/pages"}],"about":[{"href":"http:\/\/chishango.de\/index.php?rest_route=\/wp\/v2\/types\/page"}],"author":[{"embeddable":true,"href":"http:\/\/chishango.de\/index.php?rest_route=\/wp\/v2\/users\/1"}],"replies":[{"embeddable":true,"href":"http:\/\/chishango.de\/index.php?rest_route=%2Fwp%2Fv2%2Fcomments&post=32"}],"version-history":[{"count":2,"href":"http:\/\/chishango.de\/index.php?rest_route=\/wp\/v2\/pages\/32\/revisions"}],"predecessor-version":[{"id":39,"href":"http:\/\/chishango.de\/index.php?rest_route=\/wp\/v2\/pages\/32\/revisions\/39"}],"wp:attachment":[{"href":"http:\/\/chishango.de\/index.php?rest_route=%2Fwp%2Fv2%2Fmedia&parent=32"}],"curies":[{"name":"wp","href":"https:\/\/api.w.org\/{rel}","templated":true}]}}