{"id":13,"date":"2019-09-27T14:48:17","date_gmt":"2019-09-27T14:48:17","guid":{"rendered":"http:\/\/chishango.de\/?page_id=13"},"modified":"2019-09-27T18:13:51","modified_gmt":"2019-09-27T18:13:51","slug":"ueber-uns","status":"publish","type":"page","link":"http:\/\/chishango.de\/?page_id=13","title":{"rendered":"\u00dcber uns"},"content":{"rendered":"\n<h2><strong>Wo geht unsere Gesellschaft hin?<\/strong><\/h2>\n\n\n\n<p><strong>Was bringt die Zukunft?<\/strong><\/p>\n\n\n\n<p>Unsere Gesellschaft ist, wie alle anderen Gesellschaften dieser einen Welt auch, von einer Globalisierungswelle erfa\u00dft. Diese Entwicklung wird von f\u00fchrenden Kr\u00e4ften in Politik und Wirtschaft vorangetrieben, um bessere Bedingungen f\u00fcr wirtschaftliches Wachstum zu erzeugen. Zugunsten von Macht und Kapital wird jedoch immer weniger Augenmerk auf kulturelle, traditionelle und umweltrelevante Belange gelegt. Beispiele hierf\u00fcr gibt es unz\u00e4hlige. Durch die schnell fortschreitende technische Entwicklung wird die Welt immer mehr zum Dorf. Informationswege werden immer k\u00fcrzer und wir k\u00f6nnten heute innerhalb eines Tages jeden Punkt der Erde erreichen. Man sollte meinen, da\u00df hierdurch, gleichsam als logische Folge, ein lebhafter und offener Austausch zwischen s\u00e4mtlichen Kulturen entsteht. Doch genau das Gegenteil ist der Fall. Schnell wird man vom amerikanischen Einheitsbrei &#8211; eine erm\u00fcdende Mischung aus Hollywood und Disneyland &#8211; zugekleistert. Dabei gibt es unz\u00e4hlige V\u00f6lker und Kulturen, welche weitaus mehr zu bieten haben. Unverkennbar ist, da\u00df durch unsere rasante Entwicklung die Gefahr besteht, wertvolles Wissen zu verlieren. Die Freiheit von Kapital, Waren, Dienstleistung und Verkehr bringt viele ausl\u00e4ndische Arbeitskr\u00e4fte nach Deutschland. Immer wieder werden diese Menschen f\u00fcr die Ergebnisse einer fehlgeleiteten Politik verantwortlich gemacht.&nbsp;&nbsp;<\/p>\n\n\n\n<p>Die meisten verkennen, da\u00df die B\u00fcrger fremder Nationen ein riesiges Potential mit sich bringen, welches unser kulturelles Leben bereichern kann. Diese M\u00f6glichkeiten m\u00fcssen im Sinne eines friedlichen Miteinanders der Menschen, aber auch eines harmonischen Miteinanders von Mensch und Natur ausgenutzt werden.<\/p>\n\n\n\n<p>Wir haben es uns zur Aufgabe gemacht, einer solchen Entwicklung entgegenzuwirken. Haupts\u00e4chlich wollen wir Projekte f\u00f6rdern, die das vorherrschende Informations-und Kommunikationsdefizit ausgleichen.<\/p>\n\n\n\n<p>Chishango e.V. bietet einen Treffpunkt f\u00fcr alle Menschen gleich welcher Nationalit\u00e4t. Wir wollen eine Plattform f\u00fcr Aktionen sein, welche Vielkultur und Umweltbewu\u00dftsein f\u00f6rdern. Nat\u00fcrlich finden auch die obligatorischen Parties mit G\u00e4sten aus aller Welt statt.<\/p>\n\n\n\n<p><strong>Das war ein kleiner Auszug aus einem Handzettel aus unserer 1998er Anfangszeit. Wir sind eine bunt zusammengew\u00fcrfelte Gruppe die gern reist, feiert &#8230;&nbsp;<br>Schaut euch einfach mal bei uns um. <\/strong><\/p>\n","protected":false},"excerpt":{"rendered":"<p>Wo geht unsere Gesellschaft hin? Was bringt die Zukunft? Unsere Gesellschaft ist, wie alle anderen Gesellschaften dieser einen Welt auch, von einer Globalisierungswelle erfa\u00dft. Diese Entwicklung wird von f\u00fchrenden Kr\u00e4ften in Politik und Wirtschaft vorangetrieben, um bessere Bedingungen f\u00fcr wirtschaftliches Wachstum zu erzeugen. Zugunsten von Macht und Kapital wird jedoch immer weniger Augenmerk auf kulturelle, &hellip; <\/p>\n<p class=\"link-more\"><a href=\"http:\/\/chishango.de\/?page_id=13\" class=\"more-link\"><span class=\"screen-reader-text\">\u201e\u00dcber uns\u201c<\/span> weiterlesen<\/a><\/p>\n","protected":false},"author":1,"featured_media":26,"parent":0,"menu_order":0,"comment_status":"closed","ping_status":"closed","template":"","meta":[],"_links":{"self":[{"href":"http:\/\/chishango.de\/index.php?rest_route=\/wp\/v2\/pages\/13"}],"collection":[{"href":"http:\/\/chishango.de\/index.php?rest_route=\/wp\/v2\/pages"}],"about":[{"href":"http:\/\/chishango.de\/index.php?rest_route=\/wp\/v2\/types\/page"}],"author":[{"embeddable":true,"href":"http:\/\/chishango.de\/index.php?rest_route=\/wp\/v2\/users\/1"}],"replies":[{"embeddable":true,"href":"http:\/\/chishango.de\/index.php?rest_route=%2Fwp%2Fv2%2Fcomments&post=13"}],"version-history":[{"count":6,"href":"http:\/\/chishango.de\/index.php?rest_route=\/wp\/v2\/pages\/13\/revisions"}],"predecessor-version":[{"id":27,"href":"http:\/\/chishango.de\/index.php?rest_route=\/wp\/v2\/pages\/13\/revisions\/27"}],"wp:featuredmedia":[{"embeddable":true,"href":"http:\/\/chishango.de\/index.php?rest_route=\/wp\/v2\/media\/26"}],"wp:attachment":[{"href":"http:\/\/chishango.de\/index.php?rest_route=%2Fwp%2Fv2%2Fmedia&parent=13"}],"curies":[{"name":"wp","href":"https:\/\/api.w.org\/{rel}","templated":true}]}}